{"id":1736,"date":"2024-03-28T08:00:12","date_gmt":"2024-03-28T07:00:12","guid":{"rendered":"http:\/\/www.gites-lastrijk.be\/?page_id=1736"},"modified":"2025-01-14T09:36:00","modified_gmt":"2025-01-14T08:36:00","slug":"onze-twee-gites","status":"publish","type":"page","link":"http:\/\/gites-lastrijk.be\/nl-be\/onze-twee-gites\/","title":{"rendered":"Onze twee g\u00eetes"},"content":{"rendered":"\n<h2 class=\"wp-block-heading\">D\u00e9couvrez les 2 g\u00eetes du site La Strijk \u00e0 Aubel<\/h2>\n\n<p>Le site La Strijk \u00e0 Aubel vous accueille dans 2 g\u00eetes distincts pour r\u00e9pondre \u00e0 vos besoins, que vous voyagiez en couple ou en groupe. Chaque g\u00eete offre un cadre confortable et authentique pour un s\u00e9jour m\u00e9morable.<\/p>\n\n<h2 class=\"wp-block-heading\">La Chapelle : un g\u00eete pour 2 personnes<\/h2>\n\n<p>La Chapelle, un g\u00eete intime et charmant, accueille deux personnes. Ce logement cosy offre tout le confort n\u00e9cessaire pour un s\u00e9jour en amoureux ou une escapade paisible. Profitez d&#8217;un espace chaleureux et d&#8217;une ambiance apaisante pour vous ressourcer en plein c\u0153ur du Pays de Herve.<\/p>\n\n<h2 class=\"wp-block-heading\">La Passerelle : un g\u00eete pour 12 personnes<\/h2>\n\n<p>La Passerelle, con\u00e7u pour accueillir jusqu&#8217;\u00e0 12 personnes, convient parfaitement aux s\u00e9jours en famille ou entre amis. Ce g\u00eete spacieux dispose de plusieurs chambres, d&#8217;une grande pi\u00e8ce de vie et d&#8217;une cuisine enti\u00e8rement \u00e9quip\u00e9e. L&#8217;agencement des lieux permet \u00e0 chacun de profiter d&#8217;un s\u00e9jour convivial tout en b\u00e9n\u00e9ficiant d&#8217;espaces de d\u00e9tente.<\/p>\n\n<h2 class=\"wp-block-heading\">2 g\u00eetes, Une flexibilit\u00e9 adapt\u00e9e \u00e0 vos besoins<\/h2>\n\n<p>En r\u00e9servant les deux g\u00eetes, vous pouvez accueillir jusqu&#8217;\u00e0 14 personnes sur le m\u00eame site. Cette solution s&#8217;adapte parfaitement aux r\u00e9unions familiales, aux s\u00e9jours entre amis ou aux s\u00e9minaires. Chaque g\u00eete conserve son ind\u00e9pendance tout en offrant la possibilit\u00e9 de se retrouver pour partager des moments ensemble.<\/p>\n\n<h2 class=\"wp-block-heading\">D\u00e9couvrez Aubel et ses environs<\/h2>\n\n<p>Depuis les g\u00eetes La Chapelle et La Passerelle, partez \u00e0 la d\u00e9couverte d&#8217;Aubel et de ses nombreuses activit\u00e9s. Explorez les paysages du Pays de Herve, visitez l&#8217;Abbaye de Val-Dieu ou d\u00e9gustez les sp\u00e9cialit\u00e9s locales. Chaque g\u00eete constitue un point de d\u00e9part id\u00e9al pour explorer la r\u00e9gion.<\/p>\n\n<p>Optez pour les 2 g\u00eetes du site La Strijk \u00e0 Aubel et profitez d&#8217;une exp\u00e9rience unique adapt\u00e9e \u00e0 toutes vos envies.<\/p>\n\n<div class=\"wp-block-buttons is-layout-flex wp-block-buttons-is-layout-flex\">\n<div class=\"wp-block-button\"><a class=\"wp-block-button__link wp-element-button\" href=\"http:\/\/www.gites-lastrijk.be\/nl-be\/\">Accueil<\/a><\/div>\n<\/div>\n\n<p><\/p>\n","protected":false},"excerpt":{"rendered":"<p>D\u00e9couvrez les 2 g\u00eetes du site La Strijk \u00e0 Aubel Le site La Strijk \u00e0 Aubel vous accueille dans 2 g\u00eetes distincts pour r\u00e9pondre \u00e0 vos besoins, que vous voyagiez en couple ou en groupe. Chaque g\u00eete offre un cadre confortable et authentique pour un s\u00e9jour m\u00e9morable. La Chapelle : un g\u00eete pour 2 personnes [&hellip;]<\/p>\n","protected":false},"author":1,"featured_media":0,"parent":0,"menu_order":0,"comment_status":"closed","ping_status":"closed","template":"galerie-gites.php","meta":{"_acf_changed":false,"footnotes":""},"class_list":["post-1736","page","type-page","status-publish","hentry"],"acf":[],"yoast_head":"<!-- This site is optimized with the Yoast SEO plugin v27.2 - https:\/\/yoast.com\/product\/yoast-seo-wordpress\/ -->\n<title>Onze twee g\u00eetes - La Strijk G\u00eetes<\/title>\n<meta name=\"robots\" content=\"index, follow, max-snippet:-1, max-image-preview:large, max-video-preview:-1\" \/>\n<link rel=\"canonical\" href=\"http:\/\/gites-lastrijk.be\/nl-be\/onze-twee-gites\/\" \/>\n<meta property=\"og:locale\" content=\"nl_BE\" \/>\n<meta property=\"og:type\" content=\"article\" \/>\n<meta property=\"og:title\" content=\"Onze twee g\u00eetes - La Strijk G\u00eetes\" \/>\n<meta property=\"og:description\" content=\"D\u00e9couvrez les 2 g\u00eetes du site La Strijk \u00e0 Aubel Le site La Strijk \u00e0 Aubel vous accueille dans 2 g\u00eetes distincts pour r\u00e9pondre \u00e0 vos besoins, que vous voyagiez en couple ou en groupe. Chaque g\u00eete offre un cadre confortable et authentique pour un s\u00e9jour m\u00e9morable. La Chapelle : un g\u00eete pour 2 personnes [&hellip;]\" \/>\n<meta property=\"og:url\" content=\"http:\/\/gites-lastrijk.be\/nl-be\/onze-twee-gites\/\" \/>\n<meta property=\"og:site_name\" content=\"La Strijk G\u00eetes\" \/>\n<meta property=\"article:modified_time\" content=\"2025-01-14T08:36:00+00:00\" \/>\n<meta property=\"og:image\" content=\"http:\/\/gites-lastrijk.be\/wp-content\/uploads\/2024\/04\/DSC8319-2.jpg\" \/>\n\t<meta property=\"og:image:width\" content=\"1920\" \/>\n\t<meta property=\"og:image:height\" content=\"1280\" \/>\n\t<meta property=\"og:image:type\" content=\"image\/jpeg\" \/>\n<meta name=\"twitter:card\" content=\"summary_large_image\" \/>\n<meta name=\"twitter:label1\" content=\"Geschatte leestijd\" \/>\n\t<meta name=\"twitter:data1\" content=\"12 minuten\" \/>\n<script type=\"application\/ld+json\" class=\"yoast-schema-graph\">{\"@context\":\"https:\/\/schema.org\",\"@graph\":[{\"@type\":\"WebPage\",\"@id\":\"http:\/\/gites-lastrijk.be\/nl-be\/onze-twee-gites\/\",\"url\":\"http:\/\/gites-lastrijk.be\/nl-be\/onze-twee-gites\/\",\"name\":\"Onze twee g\u00eetes - La Strijk G\u00eetes\",\"isPartOf\":{\"@id\":\"https:\/\/gites-lastrijk.be\/nl-be\/#website\"},\"datePublished\":\"2024-03-28T07:00:12+00:00\",\"dateModified\":\"2025-01-14T08:36:00+00:00\",\"breadcrumb\":{\"@id\":\"http:\/\/gites-lastrijk.be\/nl-be\/onze-twee-gites\/#breadcrumb\"},\"inLanguage\":\"nl-BE\",\"potentialAction\":[{\"@type\":\"ReadAction\",\"target\":[\"http:\/\/gites-lastrijk.be\/nl-be\/onze-twee-gites\/\"]}]},{\"@type\":\"BreadcrumbList\",\"@id\":\"http:\/\/gites-lastrijk.be\/nl-be\/onze-twee-gites\/#breadcrumb\",\"itemListElement\":[{\"@type\":\"ListItem\",\"position\":1,\"name\":\"Accueil\",\"item\":\"http:\/\/gites-lastrijk.be\/nl-be\/\"},{\"@type\":\"ListItem\",\"position\":2,\"name\":\"Onze twee g\u00eetes\"}]},{\"@type\":\"WebSite\",\"@id\":\"https:\/\/gites-lastrijk.be\/nl-be\/#website\",\"url\":\"https:\/\/gites-lastrijk.be\/nl-be\/\",\"name\":\"La Strijk G\u00eetes\",\"description\":\"G\u00eete de charme avec sauna pour 12 personnes\",\"publisher\":{\"@id\":\"https:\/\/gites-lastrijk.be\/nl-be\/#organization\"},\"potentialAction\":[{\"@type\":\"SearchAction\",\"target\":{\"@type\":\"EntryPoint\",\"urlTemplate\":\"https:\/\/gites-lastrijk.be\/nl-be\/?s={search_term_string}\"},\"query-input\":{\"@type\":\"PropertyValueSpecification\",\"valueRequired\":true,\"valueName\":\"search_term_string\"}}],\"inLanguage\":\"nl-BE\"},{\"@type\":\"Organization\",\"@id\":\"https:\/\/gites-lastrijk.be\/nl-be\/#organization\",\"name\":\"La Strijk G\u00eetes\",\"url\":\"https:\/\/gites-lastrijk.be\/nl-be\/\",\"logo\":{\"@type\":\"ImageObject\",\"inLanguage\":\"nl-BE\",\"@id\":\"https:\/\/gites-lastrijk.be\/nl-be\/#\/schema\/logo\/image\/\",\"url\":\"https:\/\/gites-lastrijk.be\/wp-content\/uploads\/2024\/03\/cropped-logo-square_lastrijk.png\",\"contentUrl\":\"https:\/\/gites-lastrijk.be\/wp-content\/uploads\/2024\/03\/cropped-logo-square_lastrijk.png\",\"width\":512,\"height\":512,\"caption\":\"La Strijk G\u00eetes\"},\"image\":{\"@id\":\"https:\/\/gites-lastrijk.be\/nl-be\/#\/schema\/logo\/image\/\"}}]}<\/script>\n<!-- \/ Yoast SEO plugin. -->","yoast_head_json":{"title":"Onze twee g\u00eetes - La Strijk G\u00eetes","robots":{"index":"index","follow":"follow","max-snippet":"max-snippet:-1","max-image-preview":"max-image-preview:large","max-video-preview":"max-video-preview:-1"},"canonical":"http:\/\/gites-lastrijk.be\/nl-be\/onze-twee-gites\/","og_locale":"nl_BE","og_type":"article","og_title":"Onze twee g\u00eetes - La Strijk G\u00eetes","og_description":"D\u00e9couvrez les 2 g\u00eetes du site La Strijk \u00e0 Aubel Le site La Strijk \u00e0 Aubel vous accueille dans 2 g\u00eetes distincts pour r\u00e9pondre \u00e0 vos besoins, que vous voyagiez en couple ou en groupe. Chaque g\u00eete offre un cadre confortable et authentique pour un s\u00e9jour m\u00e9morable. La Chapelle : un g\u00eete pour 2 personnes [&hellip;]","og_url":"http:\/\/gites-lastrijk.be\/nl-be\/onze-twee-gites\/","og_site_name":"La Strijk G\u00eetes","article_modified_time":"2025-01-14T08:36:00+00:00","og_image":[{"width":1920,"height":1280,"url":"http:\/\/gites-lastrijk.be\/wp-content\/uploads\/2024\/04\/DSC8319-2.jpg","type":"image\/jpeg"}],"twitter_card":"summary_large_image","twitter_misc":{"Geschatte leestijd":"12 minuten"},"schema":{"@context":"https:\/\/schema.org","@graph":[{"@type":"WebPage","@id":"http:\/\/gites-lastrijk.be\/nl-be\/onze-twee-gites\/","url":"http:\/\/gites-lastrijk.be\/nl-be\/onze-twee-gites\/","name":"Onze twee g\u00eetes - La Strijk G\u00eetes","isPartOf":{"@id":"https:\/\/gites-lastrijk.be\/nl-be\/#website"},"datePublished":"2024-03-28T07:00:12+00:00","dateModified":"2025-01-14T08:36:00+00:00","breadcrumb":{"@id":"http:\/\/gites-lastrijk.be\/nl-be\/onze-twee-gites\/#breadcrumb"},"inLanguage":"nl-BE","potentialAction":[{"@type":"ReadAction","target":["http:\/\/gites-lastrijk.be\/nl-be\/onze-twee-gites\/"]}]},{"@type":"BreadcrumbList","@id":"http:\/\/gites-lastrijk.be\/nl-be\/onze-twee-gites\/#breadcrumb","itemListElement":[{"@type":"ListItem","position":1,"name":"Accueil","item":"http:\/\/gites-lastrijk.be\/nl-be\/"},{"@type":"ListItem","position":2,"name":"Onze twee g\u00eetes"}]},{"@type":"WebSite","@id":"https:\/\/gites-lastrijk.be\/nl-be\/#website","url":"https:\/\/gites-lastrijk.be\/nl-be\/","name":"La Strijk G\u00eetes","description":"G\u00eete de charme avec sauna pour 12 personnes","publisher":{"@id":"https:\/\/gites-lastrijk.be\/nl-be\/#organization"},"potentialAction":[{"@type":"SearchAction","target":{"@type":"EntryPoint","urlTemplate":"https:\/\/gites-lastrijk.be\/nl-be\/?s={search_term_string}"},"query-input":{"@type":"PropertyValueSpecification","valueRequired":true,"valueName":"search_term_string"}}],"inLanguage":"nl-BE"},{"@type":"Organization","@id":"https:\/\/gites-lastrijk.be\/nl-be\/#organization","name":"La Strijk G\u00eetes","url":"https:\/\/gites-lastrijk.be\/nl-be\/","logo":{"@type":"ImageObject","inLanguage":"nl-BE","@id":"https:\/\/gites-lastrijk.be\/nl-be\/#\/schema\/logo\/image\/","url":"https:\/\/gites-lastrijk.be\/wp-content\/uploads\/2024\/03\/cropped-logo-square_lastrijk.png","contentUrl":"https:\/\/gites-lastrijk.be\/wp-content\/uploads\/2024\/03\/cropped-logo-square_lastrijk.png","width":512,"height":512,"caption":"La Strijk G\u00eetes"},"image":{"@id":"https:\/\/gites-lastrijk.be\/nl-be\/#\/schema\/logo\/image\/"}}]}},"_links":{"self":[{"href":"http:\/\/gites-lastrijk.be\/nl-be\/wp-json\/wp\/v2\/pages\/1736","targetHints":{"allow":["GET"]}}],"collection":[{"href":"http:\/\/gites-lastrijk.be\/nl-be\/wp-json\/wp\/v2\/pages"}],"about":[{"href":"http:\/\/gites-lastrijk.be\/nl-be\/wp-json\/wp\/v2\/types\/page"}],"author":[{"embeddable":true,"href":"http:\/\/gites-lastrijk.be\/nl-be\/wp-json\/wp\/v2\/users\/1"}],"replies":[{"embeddable":true,"href":"http:\/\/gites-lastrijk.be\/nl-be\/wp-json\/wp\/v2\/comments?post=1736"}],"version-history":[{"count":5,"href":"http:\/\/gites-lastrijk.be\/nl-be\/wp-json\/wp\/v2\/pages\/1736\/revisions"}],"predecessor-version":[{"id":1848,"href":"http:\/\/gites-lastrijk.be\/nl-be\/wp-json\/wp\/v2\/pages\/1736\/revisions\/1848"}],"wp:attachment":[{"href":"http:\/\/gites-lastrijk.be\/nl-be\/wp-json\/wp\/v2\/media?parent=1736"}],"curies":[{"name":"wp","href":"https:\/\/api.w.org\/{rel}","templated":true}]}}